{"id":763,"date":"2022-12-13T11:55:37","date_gmt":"2022-12-13T11:55:37","guid":{"rendered":"https:\/\/antoineponcet.com\/?page_id=763"},"modified":"2023-05-17T07:52:22","modified_gmt":"2023-05-17T07:52:22","slug":"videos","status":"publish","type":"page","link":"https:\/\/antoineponcet.com\/?page_id=763","title":{"rendered":"Videos"},"content":{"rendered":"<div id=\"pl-763\"  class=\"panel-layout\" ><div id=\"pg-763-0\"  class=\"panel-grid panel-has-style\" ><div class=\"galerie panel-row-style panel-row-style-for-763-0\" ><div id=\"pgc-763-0-0\"  class=\"panel-grid-cell\" ><div id=\"panel-763-0-0-0\" class=\"so-panel widget widget_sow-editor panel-first-child panel-last-child\" data-index=\"0\" ><div\n\t\t\t\n\t\t\tclass=\"so-widget-sow-editor so-widget-sow-editor-base\"\n\t\t\t\n\t\t>\n<div class=\"siteorigin-widget-tinymce textwidget\">\n\t<p><iframe loading=\"lazy\" title=\"PF1214 Antoine Poncet - Sculpteur\" src=\"https:\/\/player.vimeo.com\/video\/129347898?h=11a4ea3fef&amp;dnt=1&amp;app_id=122963\" width=\"640\" height=\"480\" frameborder=\"0\" allow=\"autoplay; fullscreen; picture-in-picture\" allowfullscreen><\/iframe><\/p>\n<\/div>\n<\/div><\/div><\/div><div id=\"pgc-763-0-1\"  class=\"panel-grid-cell\" ><div id=\"panel-763-0-1-0\" class=\"so-panel widget widget_sow-editor panel-first-child panel-last-child\" data-index=\"1\" ><div class=\"galerie panel-widget-style panel-widget-style-for-763-0-1-0\" ><div\n\t\t\t\n\t\t\tclass=\"so-widget-sow-editor so-widget-sow-editor-base\"\n\t\t\t\n\t\t>\n<div class=\"siteorigin-widget-tinymce textwidget\">\n\t<h1 style=\"text-align: left;\">PF1214 Antoine Poncet - Sculpteur<\/h1>\n<p>Film 16 mm noir &amp; blanc. Dur\u00e9e 49 minutes<br \/>\nTourn\u00e9 le 21\/10\/2004 \u00e0 Lausanne (VD)<br \/>\nInterlocutrice : Catherine Lepdor<br \/>\nNum\u00e9ro de film : 1214<\/p>\n<\/div>\n<\/div><\/div><\/div><\/div><\/div><\/div><div id=\"pg-763-1\"  class=\"panel-grid panel-has-style\" ><div class=\"galerie panel-row-style panel-row-style-for-763-1\" ><div id=\"pgc-763-1-0\"  class=\"panel-grid-cell\" ><div id=\"panel-763-1-0-0\" class=\"so-panel widget widget_sow-editor panel-first-child panel-last-child\" data-index=\"2\" ><div\n\t\t\t\n\t\t\tclass=\"so-widget-sow-editor so-widget-sow-editor-base\"\n\t\t\t\n\t\t>\n<div class=\"siteorigin-widget-tinymce textwidget\">\n\t<div style=\"width: 640px;\" class=\"wp-video\"><video class=\"wp-video-shortcode\" id=\"video-763-1\" width=\"640\" height=\"360\" preload=\"metadata\" controls=\"controls\"><source type=\"video\/mp4\" src=\"https:\/\/antoineponcet.com\/Thorn_1_Formation.MP4?_=1\" \/><a href=\"https:\/\/antoineponcet.com\/Thorn_1_Formation.MP4\">https:\/\/antoineponcet.com\/Thorn_1_Formation.MP4<\/a><\/video><\/div>\n<\/div>\n<\/div><\/div><\/div><div id=\"pgc-763-1-1\"  class=\"panel-grid-cell\" ><div id=\"panel-763-1-1-0\" class=\"so-panel widget widget_sow-editor panel-first-child panel-last-child\" data-index=\"3\" ><div class=\"galerie panel-widget-style panel-widget-style-for-763-1-1-0\" ><div\n\t\t\t\n\t\t\tclass=\"so-widget-sow-editor so-widget-sow-editor-base\"\n\t\t\t\n\t\t>\n<div class=\"siteorigin-widget-tinymce textwidget\">\n\t<h1 style=\"text-align: left;\">Portrait d'artiste : Antoine Poncet<\/h1>\n<p>Une \u00e9mission con\u00e7ue et pr\u00e9sent\u00e9e par Liliane Thorn-Petit en 1984.<\/p>\n<\/div>\n<\/div><\/div><\/div><\/div><\/div><\/div><div id=\"pg-763-2\"  class=\"panel-grid panel-has-style\" ><div class=\"galerie panel-row-style panel-row-style-for-763-2\" ><div id=\"pgc-763-2-0\"  class=\"panel-grid-cell\" ><div id=\"panel-763-2-0-0\" class=\"so-panel widget widget_sow-editor panel-first-child panel-last-child\" data-index=\"4\" ><div\n\t\t\t\n\t\t\tclass=\"so-widget-sow-editor so-widget-sow-editor-base\"\n\t\t\t\n\t\t>\n<div class=\"siteorigin-widget-tinymce textwidget\">\n\t<p><iframe loading=\"lazy\" title=\"Quand Abeille, Poncet, Chu, Granier et F\u00e9raud fraternisent\" width=\"1140\" height=\"641\" src=\"https:\/\/www.youtube.com\/embed\/oOx2CgNyqhA?start=8&feature=oembed\" frameborder=\"0\" allow=\"accelerometer; autoplay; clipboard-write; encrypted-media; gyroscope; picture-in-picture; web-share\" allowfullscreen><\/iframe><\/p>\n<\/div>\n<\/div><\/div><\/div><div id=\"pgc-763-2-1\"  class=\"panel-grid-cell\" ><div id=\"panel-763-2-1-0\" class=\"so-panel widget widget_sow-editor panel-first-child panel-last-child\" data-index=\"5\" ><div class=\"galerie panel-widget-style panel-widget-style-for-763-2-1-0\" ><div\n\t\t\t\n\t\t\tclass=\"so-widget-sow-editor so-widget-sow-editor-base\"\n\t\t\t\n\t\t>\n<div class=\"siteorigin-widget-tinymce textwidget\">\n\t<h1 style=\"text-align: left;\">Quand Abeille, Poncet, Chu, Granier et F\u00e9raud fraternisent<\/h1>\n<p>Voici une exposition o\u00f9 se c\u00f4toient les \u0153uvres de trois sculpteurs, deux peintres et un graveur : Antoine Poncet, Chu Teh-Chun, Albert F\u00e9raud, Jean-Marie Granier et Claude Abeille.<br \/>\nR\u00e9unies durant trois mois au Mus\u00e9e Marmottan \u00e0 Paris, peintures, sculptures et gravures dialoguent sur le th\u00e8me de la lumi\u00e8re et de la modernit\u00e9..<\/p>\n<\/div>\n<\/div><\/div><\/div><\/div><\/div><\/div><div id=\"pg-763-3\"  class=\"panel-grid panel-has-style\" ><div class=\"galerie panel-row-style panel-row-style-for-763-3\" ><div id=\"pgc-763-3-0\"  class=\"panel-grid-cell\" ><div id=\"panel-763-3-0-0\" class=\"so-panel widget widget_sow-editor panel-first-child panel-last-child\" data-index=\"6\" ><div\n\t\t\t\n\t\t\tclass=\"so-widget-sow-editor so-widget-sow-editor-base\"\n\t\t\t\n\t\t>\n<div class=\"siteorigin-widget-tinymce textwidget\">\n\t<p><iframe loading=\"lazy\" title=\"Sculptures in Singapore Series: Fleur Marine by Antoine Poncet, France, 1984 - 85 - Night Shot\" width=\"1140\" height=\"641\" src=\"https:\/\/www.youtube.com\/embed\/8pueBgRtcEg?feature=oembed\" frameborder=\"0\" allow=\"accelerometer; autoplay; clipboard-write; encrypted-media; gyroscope; picture-in-picture; web-share\" allowfullscreen><\/iframe><\/p>\n<\/div>\n<\/div><\/div><\/div><div id=\"pgc-763-3-1\"  class=\"panel-grid-cell\" ><div id=\"panel-763-3-1-0\" class=\"so-panel widget widget_sow-editor panel-first-child panel-last-child\" data-index=\"7\" ><div class=\"galerie panel-widget-style panel-widget-style-for-763-3-1-0\" ><div\n\t\t\t\n\t\t\tclass=\"so-widget-sow-editor so-widget-sow-editor-base\"\n\t\t\t\n\t\t>\n<div class=\"siteorigin-widget-tinymce textwidget\">\n\t<h1 style=\"text-align: left;\">Sculptures in Singapore: Fleur Marine<\/h1>\n<p>Fleur in French means flower. So the title means a flower on top of a body of water. This bronze piece sits in the middle of a fountain, giving the visual illusion that it is rises from the sea.<br \/>\nThe sculpture is located at the Mandarin Oriental Hotel next to Marina Square. This hotel was built on top of reclaimed land.<\/p>\n<\/div>\n<\/div><\/div><\/div><\/div><\/div><\/div><div id=\"pg-763-4\"  class=\"panel-grid panel-has-style\" ><div class=\"galerie panel-row-style panel-row-style-for-763-4\" ><div id=\"pgc-763-4-0\"  class=\"panel-grid-cell\" ><div id=\"panel-763-4-0-0\" class=\"so-panel widget widget_sow-editor panel-first-child panel-last-child\" data-index=\"8\" ><div\n\t\t\t\n\t\t\tclass=\"so-widget-sow-editor so-widget-sow-editor-base\"\n\t\t\t\n\t\t>\n<div class=\"siteorigin-widget-tinymce textwidget\">\n\t<p><iframe loading=\"lazy\" title=\"[Exhibition-The Master of Shapes and Colors] Antoine Poncet &amp; Feng Xiao-Min\" width=\"1140\" height=\"641\" src=\"https:\/\/www.youtube.com\/embed\/oXafY6NgHCM?feature=oembed\" frameborder=\"0\" allow=\"accelerometer; autoplay; clipboard-write; encrypted-media; gyroscope; picture-in-picture; web-share\" allowfullscreen><\/iframe><\/p>\n<\/div>\n<\/div><\/div><\/div><div id=\"pgc-763-4-1\"  class=\"panel-grid-cell\" ><div id=\"panel-763-4-1-0\" class=\"so-panel widget widget_sow-editor panel-first-child panel-last-child\" data-index=\"9\" ><div class=\"galerie panel-widget-style panel-widget-style-for-763-4-1-0\" ><div\n\t\t\t\n\t\t\tclass=\"so-widget-sow-editor so-widget-sow-editor-base\"\n\t\t\t\n\t\t>\n<div class=\"siteorigin-widget-tinymce textwidget\">\n\t<h1 style=\"text-align: left;\">Gallery Philippe Staib<\/h1>\n<p>September 12, 2015, Beijing YISHU8 and Philippe Staib Gallery will bring ANTOINE PONCET and Feng Xiao-Min's exhibition \" THE MASTERS OF SHAPES AND COLORS\".<br \/>\nThis is the first time the two artists jointly exhibit with sculptures and paintings presented together, and also a cultural exchange and collision.<\/p>\n<\/div>\n<\/div><\/div><\/div><\/div><\/div><\/div><div id=\"pg-763-5\"  class=\"panel-grid panel-has-style\" ><div class=\"galerie panel-row-style panel-row-style-for-763-5\" ><div id=\"pgc-763-5-0\"  class=\"panel-grid-cell\" ><div id=\"panel-763-5-0-0\" class=\"so-panel widget widget_sow-editor panel-first-child panel-last-child\" data-index=\"10\" ><div\n\t\t\t\n\t\t\tclass=\"so-widget-sow-editor so-widget-sow-editor-base\"\n\t\t\t\n\t\t>\n<div class=\"siteorigin-widget-tinymce textwidget\">\n\t<p><iframe loading=\"lazy\" title=\"Feng Xiao-Min: Exposition &quot;Rencontre de Feng Xiao-Min et Antoine Poncet&quot;\" width=\"1140\" height=\"641\" src=\"https:\/\/www.youtube.com\/embed\/GhzzF8D3xCg?feature=oembed\" frameborder=\"0\" allow=\"accelerometer; autoplay; clipboard-write; encrypted-media; gyroscope; picture-in-picture; web-share\" allowfullscreen><\/iframe><\/p>\n<\/div>\n<\/div><\/div><\/div><div id=\"pgc-763-5-1\"  class=\"panel-grid-cell\" ><div id=\"panel-763-5-1-0\" class=\"so-panel widget widget_sow-editor panel-first-child panel-last-child\" data-index=\"11\" ><div class=\"galerie panel-widget-style panel-widget-style-for-763-5-1-0\" ><div\n\t\t\t\n\t\t\tclass=\"so-widget-sow-editor so-widget-sow-editor-base\"\n\t\t\t\n\t\t>\n<div class=\"siteorigin-widget-tinymce textwidget\">\n\t<h1 style=\"text-align: left;\">Galerie Goldenberg<\/h1>\n<p>Exposition \u00e0 la Galerie Goldenberg (2013-2014) de l'artiste peintre Feng Xiao-Min et du sculpteur (acad\u00e9micien) Antoine Poncet.<\/p>\n<\/div>\n<\/div><\/div><\/div><\/div><\/div><\/div><div id=\"pg-763-6\"  class=\"panel-grid panel-has-style\" ><div class=\"galerie panel-row-style panel-row-style-for-763-6\" ><div id=\"pgc-763-6-0\"  class=\"panel-grid-cell\" ><div id=\"panel-763-6-0-0\" class=\"so-panel widget widget_sow-editor panel-first-child panel-last-child\" data-index=\"12\" ><div\n\t\t\t\n\t\t\tclass=\"so-widget-sow-editor so-widget-sow-editor-base\"\n\t\t\t\n\t\t>\n<div class=\"siteorigin-widget-tinymce textwidget\">\n\t<p><iframe loading=\"lazy\" title=\"Aileiotrope (1992), Antoine Poncet - sculpture du campus EPFL\" width=\"1140\" height=\"641\" src=\"https:\/\/www.youtube.com\/embed\/1ybd-Nyxtso?feature=oembed\" frameborder=\"0\" allow=\"accelerometer; autoplay; clipboard-write; encrypted-media; gyroscope; picture-in-picture; web-share\" allowfullscreen><\/iframe><\/p>\n<\/div>\n<\/div><\/div><\/div><div id=\"pgc-763-6-1\"  class=\"panel-grid-cell\" ><div id=\"panel-763-6-1-0\" class=\"so-panel widget widget_sow-editor panel-first-child panel-last-child\" data-index=\"13\" ><div class=\"galerie panel-widget-style panel-widget-style-for-763-6-1-0\" ><div\n\t\t\t\n\t\t\tclass=\"so-widget-sow-editor so-widget-sow-editor-base\"\n\t\t\t\n\t\t>\n<div class=\"siteorigin-widget-tinymce textwidget\">\n\t<h1 style=\"text-align: left;\">EPFL<\/h1>\n<p>Aileiotrope est une sculpture d'Antoine Poncet achet\u00e9e par l'EPFL lors d'une exposition \u00e0 la Fondation Gianadda de Martigny en 1992. D'abord install\u00e9e sur la Diagonale, elle a \u00e9t\u00e9 d\u00e9plac\u00e9e le long du b\u00e2timent ArtLab juste apr\u00e8s son inauguration fin 2016.<br \/>\nCette sculpture mesure 270 x 200 cm et est faite d'un marbre blanc liss\u00e9 \u00e0 l'extr\u00eame. Une deuxi\u00e8me oeuvre d'Antoine Poncet (La Pulpeuse) l'a rejointe en 2019 \u00e0 quelques m\u00e8tres seulement. Toutes deux font partie des 19 oeuvres d'art fixes pr\u00e9sentes sur le campus.<\/p>\n<\/div>\n<\/div><\/div><\/div><\/div><\/div><\/div><div id=\"pg-763-7\"  class=\"panel-grid panel-has-style\" ><div class=\"galerie panel-row-style panel-row-style-for-763-7\" ><div id=\"pgc-763-7-0\"  class=\"panel-grid-cell\" ><div id=\"panel-763-7-0-0\" class=\"so-panel widget widget_sow-editor panel-first-child panel-last-child\" data-index=\"14\" ><div\n\t\t\t\n\t\t\tclass=\"so-widget-sow-editor so-widget-sow-editor-base\"\n\t\t\t\n\t\t>\n<div class=\"siteorigin-widget-tinymce textwidget\">\n\t<p><iframe loading=\"lazy\" title=\"La Pulpeuse (1973), Antoine Poncet - sculpture du campus EPFL\" width=\"1140\" height=\"641\" src=\"https:\/\/www.youtube.com\/embed\/fLXV4FVqaQ8?feature=oembed\" frameborder=\"0\" allow=\"accelerometer; autoplay; clipboard-write; encrypted-media; gyroscope; picture-in-picture; web-share\" allowfullscreen><\/iframe><\/p>\n<\/div>\n<\/div><\/div><\/div><div id=\"pgc-763-7-1\"  class=\"panel-grid-cell\" ><div id=\"panel-763-7-1-0\" class=\"so-panel widget widget_sow-editor panel-first-child panel-last-child\" data-index=\"15\" ><div class=\"galerie panel-widget-style panel-widget-style-for-763-7-1-0\" ><div\n\t\t\t\n\t\t\tclass=\"so-widget-sow-editor so-widget-sow-editor-base\"\n\t\t\t\n\t\t>\n<div class=\"siteorigin-widget-tinymce textwidget\">\n\t<h1 style=\"text-align: left;\">Rolex Learning Center<\/h1>\n<p>La Pulpeuse est une sculpture d'Antoine Poncet cr\u00e9\u00e9e en 1973 et pr\u00eat\u00e9e \u00e0 l'EPFL par l'Office f\u00e9d\u00e9rale de la Culture. Elle mesure 203 x 205 x 105cm et a \u00e9t\u00e9 install\u00e9e en d\u00e9cembre 2019 sous une vo\u00fbte du Rolex Learning Center, embl\u00e9matique b\u00e2timent du campus. Il s'agit de la deuxi\u00e8me oeuvre de l'artiste sur le campus EPFL et elle fait partie des 19 oeuvres d'art fixes pr\u00e9sentes sur le campus.<\/p>\n<\/div>\n<\/div><\/div><\/div><\/div><\/div><\/div><\/div>","protected":false},"excerpt":{"rendered":"<p>PF1214 Antoine Poncet &#8211; Sculpteur Film 16 mm noir &amp; blanc. Dur\u00e9e 49 minutes Tourn\u00e9 le 21\/10\/2004 \u00e0 Lausanne (VD) Interlocutrice : Catherine Lepdor Num\u00e9ro de film : 1214 Portrait d&rsquo;artiste : Antoine Poncet Une \u00e9mission con\u00e7ue et pr\u00e9sent\u00e9e par Liliane Thorn-Petit en 1984.<\/p>\n","protected":false},"author":1,"featured_media":0,"parent":0,"menu_order":0,"comment_status":"closed","ping_status":"closed","template":"","meta":{"footnotes":""},"class_list":["post-763","page","type-page","status-publish","hentry","post"],"_links":{"self":[{"href":"https:\/\/antoineponcet.com\/index.php?rest_route=\/wp\/v2\/pages\/763","targetHints":{"allow":["GET"]}}],"collection":[{"href":"https:\/\/antoineponcet.com\/index.php?rest_route=\/wp\/v2\/pages"}],"about":[{"href":"https:\/\/antoineponcet.com\/index.php?rest_route=\/wp\/v2\/types\/page"}],"author":[{"embeddable":true,"href":"https:\/\/antoineponcet.com\/index.php?rest_route=\/wp\/v2\/users\/1"}],"replies":[{"embeddable":true,"href":"https:\/\/antoineponcet.com\/index.php?rest_route=%2Fwp%2Fv2%2Fcomments&post=763"}],"version-history":[{"count":21,"href":"https:\/\/antoineponcet.com\/index.php?rest_route=\/wp\/v2\/pages\/763\/revisions"}],"predecessor-version":[{"id":1171,"href":"https:\/\/antoineponcet.com\/index.php?rest_route=\/wp\/v2\/pages\/763\/revisions\/1171"}],"wp:attachment":[{"href":"https:\/\/antoineponcet.com\/index.php?rest_route=%2Fwp%2Fv2%2Fmedia&parent=763"}],"curies":[{"name":"wp","href":"https:\/\/api.w.org\/{rel}","templated":true}]}}